{"id":4228,"date":"2020-06-09T09:22:33","date_gmt":"2020-06-09T09:22:33","guid":{"rendered":"https:\/\/giangusto.it\/?page_id=4228"},"modified":"2022-09-09T10:43:51","modified_gmt":"2022-09-09T10:43:51","slug":"privacy","status":"publish","type":"page","link":"https:\/\/giangusto.it\/en\/privacy\/","title":{"rendered":"Privacy"},"content":{"rendered":"<div class=\"wpb-content-wrapper\"><div class=\"eltdf-row-grid-section-wrapper eltdf-content-aligment-center\"  ><div class=\"eltdf-row-grid-section\"><div class=\"vc_row wpb_row vc_row-fluid\" ><div class=\"wpb_column vc_column_container vc_col-sm-12\"><div class=\"vc_column-inner\"><div class=\"wpb_wrapper\"><div class=\"eltdf-section-title-holder\" style=\"text-align: center\">\n\t<div class=\"eltdf-st-inner\">\n\t\t\t\t\t<h2 class=\"eltdf-st-title\" >\n\t\t\t\tPrivacy\t\t\t<\/h2>\n\t\t\t\t\t<\/div>\n<\/div><div class=\"vc_empty_space\"   style=\"height: 40px\"><span class=\"vc_empty_space_inner\"><\/span><\/div><div class=\"vc_separator wpb_content_element vc_separator_align_center vc_sep_width_100 vc_sep_border_width_2 vc_sep_pos_align_center vc_separator_no_text vc_sep_color_grey vc_custom_1581001491962 wpb_content_element  vc_custom_1581001491962 wpb_content_element\" ><span class=\"vc_sep_holder vc_sep_holder_l\"><span class=\"vc_sep_line\"><\/span><\/span><span class=\"vc_sep_holder vc_sep_holder_r\"><span class=\"vc_sep_line\"><\/span><\/span>\n<\/div><div class=\"vc_empty_space\"   style=\"height: 40px\"><span class=\"vc_empty_space_inner\"><\/span><\/div>\n\t<div  class=\"wpb_single_image wpb_content_element vc_align_left wpb_content_element\">\n\t\t\n\t\t<figure class=\"wpb_wrapper vc_figure\">\n\t\t\t<div class=\"vc_single_image-wrapper   vc_box_border_grey\"><img loading=\"lazy\" decoding=\"async\" width=\"282\" height=\"134\" src=\"https:\/\/giangusto.it\/wp-content\/uploads\/2020\/01\/logo-light2.png\" class=\"vc_single_image-img attachment-medium\" alt=\"Giangusto Piadineria Brescia\" title=\"Giangusto Piadineria Brescia\" \/><\/div>\n\t\t<\/figure>\n\t<\/div>\n\n\t<div class=\"wpb_text_column wpb_content_element\" >\n\t\t<div class=\"wpb_wrapper\">\n\t\t\t<h2 style=\"text-align: left;\">Privacy Policy<\/h2>\n<p style=\"text-align: left;\"><strong>Informativa ai sensi dell&#8217;art. 13 del Codice della Privacy<\/strong><\/p>\n<p style=\"text-align: left;\"><b>Ai sensi dell&#8217;articolo 13 del codice della D.Lgs. 196\/2003, vi rendiamo le seguenti informazioni.<\/b><\/p>\n<p style=\"text-align: left;\">Noi di <strong><span id=\"sito\">www.giangusto.it<\/span><\/strong> At www.giangusto.it, we consider the privacy of our visitors to be extremely important. This document provides detailed information on the types of personal data collected and recorded by our website and how it is used.<\/p>\n<h3 style=\"text-align: left;\">Log Files<\/h3>\n<p style=\"text-align: left;\">Come molti altri siti web, il nostro utilizza file di log. Questi file registrano semplicemente i visitatori del sito &#8211; di solito una procedura standard delle aziende di hosting e dei servizi di analisi degli hosting.<\/p>\n<p style=\"text-align: left;\">Le informazioni contenute nei file di registro comprendono indirizzi di protocollo Internet (IP), il tipo di browser, Internet Service Provider (ISP), informazioni come data e ora, pagine referral, pagine d&#8217;uscita ed entrata o il numero di clic.<\/p>\n<p style=\"text-align: left;\" class=\"translation-block\">This information is used to analyze trends, administer the site, track users\u2019 movements around the site, and gather demographic information. IP addresses and other such information are not linked to any personally identifiable information, therefore  <strong>all data is collected in a completely anonymous form.<\/strong><\/p>\n<div id=\"cookies\" style=\"display: none; text-align: left;\">\n<h3>Questo sito web utilizza i Cookies<\/h3>\n<p>I cookies sono piccoli file di testo che vengono automaticamente posizionati sul PC del navigatore all\u2019interno del browser. Essi contengono informazioni di base sulla navigazione in Internet e grazie al browser vengono riconosciuti ogni volta che l\u2019utente visita il sito.<\/p>\n<h3>Cookie Policy<\/h3>\n<p>Questo sito utilizza cookies, anche di terze parti, per migliorarne l\u2019esperienza di navigazione, consentire a chi naviga di usufruire di eventuali servizi online e monitorare la navigazione nel sito.<\/p>\n<h3>Come disabilitare i Cookies<\/h3>\n<p>E\u2019 possibile disabilitare i cookies direttamente dal browser utilizzato, accedendo alle impostazioni (preferenze oppure opzioni): questa scelta potrebbe limitare alcune funzionalit\u00e0 di navigazione del sito.<\/p>\n<h3>Gestione dei Cookies<\/h3>\n<p>I cookies utilizzati in questo sito possono rientrare nelle categorie descritte di seguito.<\/p>\n<ul>\n<li><strong>Attivit\u00e0 strettamente necessarie al funzionamento<\/strong>Questi cookies hanno natura tecnica e permettono al sito di funzionare correttamente. Ad esempio, mantengono l\u2019utente collegato durante la navigazione evitando che il sito richieda di collegarsi pi\u00f9 volte per accedere alle pagine successive.<\/li>\n<li><strong>Attivit\u00e0 di salvataggio delle preferenze<\/strong>Questi cookie permettono di ricordare le preferenze selezionate dall\u2019utente durante la navigazione, ad esempio, consentono di impostare la lingua.<\/li>\n<li><strong>Attivit\u00e0 Statistiche e di Misurazione dell\u2019audience (es: Google Analytics)<\/strong>Questi cookie ci aiutano a capire, attraverso dati raccolti in forma anonima e aggregata, come gli utenti interagiscono con i siti internet fornendo informazioni relative alle sezioni visitate, il tempo trascorso sul sito, eventuali malfunzionamenti. Questo aiuta a migliorare la resa dei siti internet.<\/li>\n<li><strong>Cookie di social media (es: Facebook)<\/strong>Questi cookie di terza parte vengono utilizzati per integrare alcune diffuse funzionalit\u00e0 dei principali social media e fornirle all\u2019interno del sito. In particolare permettono la registrazione e l\u2019autenticazione sul sito tramite facebook e google connect, la condivisione e i commenti di pagine del sito sui social, abilitano le funzionalit\u00e0 del \u201cmi piace\u201d su Facebook e del \u201c+1\u2033 su G+.<\/li>\n<\/ul>\n<\/div>\n<div id=\"fornitori\" style=\"display: none; text-align: left;\">\n<h3>Fornitori di terze parti<\/h3>\n<p>I fornitori di terze parti, tra cui Google, utilizzano cookie per pubblicare annunci in base alle precedenti visite di un utente su questo sito.<\/p>\n<p>L&#8217;utilizzo dei cookie per la pubblicit\u00e0 consente a Google e ai suoi partner di pubblicare annunci per gli utenti di questo sito (e su altri siti) in base ai dati statistici raccolti su questo sito e sui siti web dei partner Google.<\/p>\n<p>Gli utenti possono scegliere di disattivare la pubblicit\u00e0 personalizzata, visitando la pagina <a href=\"https:\/\/www.google.com\/settings\/ads\" target=\"_blank\" rel=\"noopener noreferrer\">Impostazioni annunci<\/a>.<\/p>\n<p>Visitando la pagina www.aboutads.info potrai disattivare i cookies dei fornitori di terze parti.<\/p>\n<\/div>\n<div id=\"partners\" style=\"display: none; text-align: left;\">\n<h3>I nostri partner pubblicitari<\/h3>\n<p>Alcuni dei nostri partner pubblicitari possono utilizzare i cookies sul nostro sito per raccogliere dati sulla navigazione degli utenti in forma anonima. Tra i nostri partner pubblicitari figurano:<\/p>\n<ul>\n<li id=\"amazon\" style=\"display: none;\">Amazon<\/li>\n<li id=\"ebay\" style=\"display: none;\">Ebay<\/li>\n<li id=\"altri_partner\" style=\"display: none;\"><\/li>\n<\/ul>\n<p>Gli annunci dei fornitori terze parti gestiscono reti pubblicitarie che utilizzano la tecnologia dei cookies nei rispettivi annunci e nei link che appaiono sul nostro sito. Gli annunci vengono cos\u00ec inviati direttamente al tuo browser. Riceveranno automaticamente il tuo indirizzo IP. Altre tecnologie (come i cookie o JavaScript) possono anche essere utilizzati dalle reti pubblicitarie di terze parti del nostro sito per misurare l&#8217;efficacia delle loro campagne pubblicitarie e\/o personalizzare i contenuti pubblicitari che vedete sul sito.<\/p>\n<p>Il nostro sito non ha accesso o non controlla questi cookie utilizzati da inserzionisti di terze parti.<\/p>\n<h3>Norme sulla privacy di terze parti<\/h3>\n<p>\u00c8 necessario consultare le rispettive norme sulla privacy di questi server di terze parti per ulteriori informazioni sulle loro pratiche e per istruzioni su come disattivare alcune pratiche.<\/p>\n<p>La nostra politica sulla privacy non si applica ai fornitori di terze parti ed ai partner pubblicitari, e non possiamo controllare le attivit\u00e0 di tali altri inserzionisti o siti web.<\/p>\n<p>Se desideri disattivare i cookie, puoi farlo attraverso le tue singole opzioni del browser. Ulteriori informazioni sulla gestione dei cookie con browser web specifico possono essere trovati nei rispettivi siti web dei browser<\/p>\n<\/div>\n<h3 style=\"text-align: left;\">Finalit\u00e0 del trattamento<\/h3>\n<p style=\"text-align: left;\">I dati possono essere raccolti per una o pi\u00f9 delle seguenti finalit\u00e0:<\/p>\n<ul style=\"text-align: left;\">\n<li>fornire l&#8217;accesso ad aree riservate del Portale e di Portali\/siti collegati con il presente e all&#8217;invio di comunicazioni anche di carattere commerciale, notizie, aggiornamenti sulle iniziative di questo sito e delle societ\u00e0 da essa controllate e\/o collegate e\/o Sponsor.<\/li>\n<li>eventuale cessione a terzi dei suddetti dati, sempre finalizzata alla realizzazione di campagne di email marketing ed all&#8217;invio di comunicazioni di carattere commerciale.<\/li>\n<li>to fulfill legal or regulatory obligations;<\/li>\n<li>to manage contacts.<\/li>\n<\/ul>\n<h3 style=\"text-align: left;\">Modalit\u00e0 del trattamento<\/h3>\n<p style=\"text-align: left;\">I dati verranno trattati con le seguenti modalit\u00e0:<\/p>\n<ul style=\"text-align: left;\">\n<li>raccolta dati con modalit\u00e0 single-opt, in apposito database;<\/li>\n<li>recording and processing on paper and\/or magnetic media;<\/li>\n<li>organization of archives primarily in automated form, in accordance with the Technical Specifications on minimum security measures, Annex B of the Privacy Code.<\/li>\n<\/ul>\n<h3 style=\"text-align: left;\">Mandatory Nature<\/h3>\n<p style=\"text-align: left;\">All requested data is mandatory.<\/p>\n<div id=\"trattamento\" style=\"display: none; text-align: left;\">\n<h3>Soggetti a cui dati potranno essere comunicati i dati personali<\/h3>\n<p>I dati raccolti potranno essere comunicati a:<\/p>\n<ul>\n<li>societ\u00e0 e imprese per usi di direct mailing o attivit\u00e0 analoghe;<\/li>\n<li>associazioni e fondazioni intenzionate ad acquistare spazi pubblicitari sulle liste o sul sito e\/o collegate alla fornitura di un particolare servizio.<\/li>\n<li>soggetti che debbano avere accesso ai dati, come da norme di legge o di normative secondarie e\/o comunitarie.<\/li>\n<\/ul>\n<\/div>\n<h3 style=\"text-align: left;\">Diritti dell&#8217;interessato<\/h3>\n<p style=\"text-align: left;\">Ai sensi ai sensi dell&#8217;art. 7 (Diritto di accesso ai dati personali ed altri diritti) del Codice della Privacy, vi segnaliamo che i vostri diritti in ordine al trattamento dei dati sono:<\/p>\n<ul style=\"text-align: left;\">\n<li>conoscere, mediante accesso gratuito l&#8217;esistenza di trattamenti di dati che possano riguardarvi;<\/li>\n<li>essere informati sulla natura e sulle finalit\u00e0 del trattamento<\/li>\n<li>to obtain from the data controller, without delay:\n<ul>\n<li>la conferma dell&#8217;esistenza o meno di dati personali che vi riguardano, anche se non ancora registrati, e la comunicazione in forma intellegibile dei medesimi dati e della loro origine, nonch\u00e9 della logica e delle finalit\u00e0 su cui si basa il trattamento; la richiesta pu\u00f2 essere rinnovata, salva l&#8217;esistenza di giustificati motivi, con intervallo non minore di novanta giorni;<\/li>\n<li>la cancellazione, la trasformazione in forma anonima o il blocco dei dati trattati in violazione di legge, compresi quelli di cui non \u00e8 necessaria la conservazione in relazione agli scopi per i quali i dati sono stati raccolti o successivamente trattati;<\/li>\n<li>l&#8217;aggiornamento, la rettifica ovvero, qualora vi abbia interesse, l&#8217;integrazione dei dati esistenti;<\/li>\n<li>opporvi in tutto o in parte per motivi legittimi al trattamento dei dati personali che vi riguardano ancorch\u00e9 pertinenti allo scopo della raccolta;<\/li>\n<\/ul>\n<\/li>\n<\/ul>\n<p style=\"text-align: left;\">Vi segnaliamo che il titolare del trattamento ad ogni effetto di legge \u00e8:<\/p>\n<ul style=\"text-align: left;\">\n<li><b><span id=\"azienda\">L&#8217;altra piadineria SRL<\/span><\/b><\/li>\n<li id=\"piva\" style=\"display: block;\">VAT No. <span id=\"iva\">01935720985<\/span><\/li>\n<li id=\"codiceFiscale\" style=\"display: block;\">Tax Code: <span id=\"codice_Fiscale\">01935720985<\/span><\/li>\n<li><span id=\"indirizzo\">Via Castelli 25<\/span><\/li>\n<li><span id=\"cap\">25122<\/span> &#8211; <span id=\"citta\">Brescia<\/span> (<span id=\"provincia\">BS<\/span>)<\/li>\n<li>Tel\/Fax: <span id=\"telefono\">0302002189<\/span><\/li>\n<li>E-mail: <span id=\"email\">info@giangusto.it<\/span><\/li>\n<\/ul>\n<p style=\"text-align: left;\">Per esercitare i diritti previsti all&#8217;art. 7 del Codice della Privacy ovvero per la cancellazione dei vostri dati dall&#8217;archivio, \u00e8 sufficiente contattarci attraverso uno dei canali messi a disposizione.<\/p>\n<p style=\"text-align: left;\">Tutti i dati sono protetti attraverso l&#8217;uso di antivirus, firewall e protezione attraverso password.<\/p>\n<h3 style=\"text-align: left;\">Children\u2019s Information<\/h3>\n<p style=\"text-align: left;\">Riteniamo importante assicurare una protezione aggiunta ai bambini online. Noi incoraggiamo i genitori e i tutori a trascorrere del tempo online con i loro figli per osservare, partecipare e\/o monitorare e guidare la loro attivit\u00e0 online. Noi non raccogliamo dati personali di minori. Se un genitore o un tutore crede che il nostro sito abbia nel suo database le informazioni personali di un bambino, vi preghiamo di contattarci immediatamente (utilizzando la mail fornita) e faremo di tutto per rimuovere tali informazioni il pi\u00f9 presto possibile.<\/p>\n<p style=\"text-align: left;\">Questa politica sulla privacy si applica solo alle nostre attivit\u00e0 online ed \u00e8 valida per i visitatori del nostro sito web e per quanto riguarda le informazioni condivise e\/o raccolte. Questa politica non si applica a qualsiasi informazione raccolta in modalit\u00e0 offline o tramite canali diversi da questo sito web.<\/p>\n<h3 style=\"text-align: left;\">Consent<\/h3>\n<p style=\"text-align: left;\">By using our website, you consent to our privacy policy and agree to its terms. If you require more information or have any questions about our privacy policy, please feel free to contact us.<\/p>\n\n\t\t<\/div>\n\t<\/div>\n<\/div><\/div><\/div><\/div><\/div><\/div>\n<\/div>","protected":false},"excerpt":{"rendered":"Privacy Privacy Policy Informativa ai sensi dell'art. 13 del Codice della Privacy Ai sensi dell'articolo 13 del codice della D.Lgs. 196\/2003, vi rendiamo le seguenti informazioni. Noi di www.giangusto.it riteniamo che la privacy dei nostri visitatori sia estremamente importante. Questo documento descrive dettagliatamente i tipi di informazioni personali raccolti e registrati dal nostro sito e come essi vengano utilizzati. File di Registrazione (Log Files) Come molti altri siti web, il nostro utilizza [...]","protected":false},"author":4,"featured_media":0,"parent":0,"menu_order":0,"comment_status":"closed","ping_status":"closed","template":"","meta":{"footnotes":""},"class_list":["post-4228","page","type-page","status-publish","hentry"],"yoast_head":"<!-- This site is optimized with the Yoast SEO Premium plugin v25.1 (Yoast SEO v27.5) - https:\/\/yoast.com\/product\/yoast-seo-premium-wordpress\/ -->\n<title>Privacy - Giangusto<\/title>\n<meta name=\"description\" content=\"Noi di www.giangusto.it riteniamo che la privacy dei nostri visitatori sia estremamente importante. Questo documento descrive dettagliatamente i tipi di informazioni personali raccolti e registrati dal nostro sito e come essi vengano utilizzati.\" \/>\n<meta name=\"robots\" content=\"index, follow, max-snippet:-1, max-image-preview:large, max-video-preview:-1\" \/>\n<link rel=\"canonical\" href=\"https:\/\/giangusto.it\/en\/privacy\/\" \/>\n<meta property=\"og:locale\" content=\"en_GB\" \/>\n<meta property=\"og:type\" content=\"article\" \/>\n<meta property=\"og:title\" content=\"Privacy\" \/>\n<meta property=\"og:url\" content=\"https:\/\/giangusto.it\/en\/privacy\/\" \/>\n<meta property=\"og:site_name\" content=\"Giangusto\" \/>\n<meta property=\"article:publisher\" content=\"https:\/\/www.facebook.com\/GianGustoOfficialPage\/\" \/>\n<meta property=\"article:modified_time\" content=\"2022-09-09T10:43:51+00:00\" \/>\n<meta name=\"twitter:card\" content=\"summary_large_image\" \/>\n<meta name=\"twitter:label1\" content=\"Estimated reading time\" \/>\n\t<meta name=\"twitter:data1\" content=\"8 minutes\" \/>\n<script type=\"application\/ld+json\" class=\"yoast-schema-graph\">{\"@context\":\"https:\\\/\\\/schema.org\",\"@graph\":[{\"@type\":\"WebPage\",\"@id\":\"https:\\\/\\\/giangusto.it\\\/privacy\\\/\",\"url\":\"https:\\\/\\\/giangusto.it\\\/privacy\\\/\",\"name\":\"Privacy - Giangusto\",\"isPartOf\":{\"@id\":\"https:\\\/\\\/giangusto.it\\\/#website\"},\"datePublished\":\"2020-06-09T09:22:33+00:00\",\"dateModified\":\"2022-09-09T10:43:51+00:00\",\"description\":\"Noi di www.giangusto.it riteniamo che la privacy dei nostri visitatori sia estremamente importante. Questo documento descrive dettagliatamente i tipi di informazioni personali raccolti e registrati dal nostro sito e come essi vengano utilizzati.\",\"breadcrumb\":{\"@id\":\"https:\\\/\\\/giangusto.it\\\/privacy\\\/#breadcrumb\"},\"inLanguage\":\"en-GB\",\"potentialAction\":[{\"@type\":\"ReadAction\",\"target\":[\"https:\\\/\\\/giangusto.it\\\/privacy\\\/\"]}]},{\"@type\":\"BreadcrumbList\",\"@id\":\"https:\\\/\\\/giangusto.it\\\/privacy\\\/#breadcrumb\",\"itemListElement\":[{\"@type\":\"ListItem\",\"position\":1,\"name\":\"Home\",\"item\":\"https:\\\/\\\/giangusto.it\\\/\"},{\"@type\":\"ListItem\",\"position\":2,\"name\":\"Privacy\"}]},{\"@type\":\"WebSite\",\"@id\":\"https:\\\/\\\/giangusto.it\\\/#website\",\"url\":\"https:\\\/\\\/giangusto.it\\\/\",\"name\":\"Giangusto\",\"description\":\"Giangusto\",\"publisher\":{\"@id\":\"https:\\\/\\\/giangusto.it\\\/#organization\"},\"potentialAction\":[{\"@type\":\"SearchAction\",\"target\":{\"@type\":\"EntryPoint\",\"urlTemplate\":\"https:\\\/\\\/giangusto.it\\\/?s={search_term_string}\"},\"query-input\":{\"@type\":\"PropertyValueSpecification\",\"valueRequired\":true,\"valueName\":\"search_term_string\"}}],\"inLanguage\":\"en-GB\"},{\"@type\":\"Organization\",\"@id\":\"https:\\\/\\\/giangusto.it\\\/#organization\",\"name\":\"Giangusto\",\"url\":\"https:\\\/\\\/giangusto.it\\\/\",\"logo\":{\"@type\":\"ImageObject\",\"inLanguage\":\"en-GB\",\"@id\":\"https:\\\/\\\/giangusto.it\\\/#\\\/schema\\\/logo\\\/image\\\/\",\"url\":\"https:\\\/\\\/giangusto.it\\\/wp-content\\\/uploads\\\/2020\\\/05\\\/favicon-piccolo-dark.png\",\"contentUrl\":\"https:\\\/\\\/giangusto.it\\\/wp-content\\\/uploads\\\/2020\\\/05\\\/favicon-piccolo-dark.png\",\"width\":160,\"height\":160,\"caption\":\"Giangusto\"},\"image\":{\"@id\":\"https:\\\/\\\/giangusto.it\\\/#\\\/schema\\\/logo\\\/image\\\/\"},\"sameAs\":[\"https:\\\/\\\/www.facebook.com\\\/GianGustoOfficialPage\\\/\",\"https:\\\/\\\/www.instagram.com\\\/giangusto_official\\\/\"]}]}<\/script>\n<!-- \/ Yoast SEO Premium plugin. -->","yoast_head_json":{"title":"Privacy - Giangusto","description":"Noi di www.giangusto.it riteniamo che la privacy dei nostri visitatori sia estremamente importante. Questo documento descrive dettagliatamente i tipi di informazioni personali raccolti e registrati dal nostro sito e come essi vengano utilizzati.","robots":{"index":"index","follow":"follow","max-snippet":"max-snippet:-1","max-image-preview":"max-image-preview:large","max-video-preview":"max-video-preview:-1"},"canonical":"https:\/\/giangusto.it\/en\/privacy\/","og_locale":"en_GB","og_type":"article","og_title":"Privacy","og_url":"https:\/\/giangusto.it\/en\/privacy\/","og_site_name":"Giangusto","article_publisher":"https:\/\/www.facebook.com\/GianGustoOfficialPage\/","article_modified_time":"2022-09-09T10:43:51+00:00","twitter_card":"summary_large_image","twitter_misc":{"Estimated reading time":"8 minutes"},"schema":{"@context":"https:\/\/schema.org","@graph":[{"@type":"WebPage","@id":"https:\/\/giangusto.it\/privacy\/","url":"https:\/\/giangusto.it\/privacy\/","name":"Privacy - Giangusto","isPartOf":{"@id":"https:\/\/giangusto.it\/#website"},"datePublished":"2020-06-09T09:22:33+00:00","dateModified":"2022-09-09T10:43:51+00:00","description":"Noi di www.giangusto.it riteniamo che la privacy dei nostri visitatori sia estremamente importante. Questo documento descrive dettagliatamente i tipi di informazioni personali raccolti e registrati dal nostro sito e come essi vengano utilizzati.","breadcrumb":{"@id":"https:\/\/giangusto.it\/privacy\/#breadcrumb"},"inLanguage":"en-GB","potentialAction":[{"@type":"ReadAction","target":["https:\/\/giangusto.it\/privacy\/"]}]},{"@type":"BreadcrumbList","@id":"https:\/\/giangusto.it\/privacy\/#breadcrumb","itemListElement":[{"@type":"ListItem","position":1,"name":"Home","item":"https:\/\/giangusto.it\/"},{"@type":"ListItem","position":2,"name":"Privacy"}]},{"@type":"WebSite","@id":"https:\/\/giangusto.it\/#website","url":"https:\/\/giangusto.it\/","name":"Giangusto","description":"Giangusto","publisher":{"@id":"https:\/\/giangusto.it\/#organization"},"potentialAction":[{"@type":"SearchAction","target":{"@type":"EntryPoint","urlTemplate":"https:\/\/giangusto.it\/?s={search_term_string}"},"query-input":{"@type":"PropertyValueSpecification","valueRequired":true,"valueName":"search_term_string"}}],"inLanguage":"en-GB"},{"@type":"Organization","@id":"https:\/\/giangusto.it\/#organization","name":"Giangusto","url":"https:\/\/giangusto.it\/","logo":{"@type":"ImageObject","inLanguage":"en-GB","@id":"https:\/\/giangusto.it\/#\/schema\/logo\/image\/","url":"https:\/\/giangusto.it\/wp-content\/uploads\/2020\/05\/favicon-piccolo-dark.png","contentUrl":"https:\/\/giangusto.it\/wp-content\/uploads\/2020\/05\/favicon-piccolo-dark.png","width":160,"height":160,"caption":"Giangusto"},"image":{"@id":"https:\/\/giangusto.it\/#\/schema\/logo\/image\/"},"sameAs":["https:\/\/www.facebook.com\/GianGustoOfficialPage\/","https:\/\/www.instagram.com\/giangusto_official\/"]}]}},"_links":{"self":[{"href":"https:\/\/giangusto.it\/en\/wp-json\/wp\/v2\/pages\/4228","targetHints":{"allow":["GET"]}}],"collection":[{"href":"https:\/\/giangusto.it\/en\/wp-json\/wp\/v2\/pages"}],"about":[{"href":"https:\/\/giangusto.it\/en\/wp-json\/wp\/v2\/types\/page"}],"author":[{"embeddable":true,"href":"https:\/\/giangusto.it\/en\/wp-json\/wp\/v2\/users\/4"}],"replies":[{"embeddable":true,"href":"https:\/\/giangusto.it\/en\/wp-json\/wp\/v2\/comments?post=4228"}],"version-history":[{"count":17,"href":"https:\/\/giangusto.it\/en\/wp-json\/wp\/v2\/pages\/4228\/revisions"}],"predecessor-version":[{"id":6096,"href":"https:\/\/giangusto.it\/en\/wp-json\/wp\/v2\/pages\/4228\/revisions\/6096"}],"wp:attachment":[{"href":"https:\/\/giangusto.it\/en\/wp-json\/wp\/v2\/media?parent=4228"}],"curies":[{"name":"wp","href":"https:\/\/api.w.org\/{rel}","templated":true}]}}