{"id":920,"date":"2018-04-11T12:40:08","date_gmt":"2018-04-11T10:40:08","guid":{"rendered":"http:\/\/corretto.elated-themes.com\/?page_id=920"},"modified":"2026-03-24T11:04:48","modified_gmt":"2026-03-24T11:04:48","slug":"about-us","status":"publish","type":"page","link":"https:\/\/giangusto.it\/en\/about-us\/","title":{"rendered":"About Us"},"content":{"rendered":"<div class=\"wpb-content-wrapper\"><div class=\"eltdf-row-grid-section-wrapper eltdf-content-aligment-center\"  ><div class=\"eltdf-row-grid-section\"><div class=\"vc_row wpb_row vc_row-fluid vc_custom_1524142758726\" ><div class=\"wpb_column vc_column_container vc_col-sm-12 vc_col-lg-offset-2 vc_col-lg-8\"><div class=\"vc_column-inner\"><div class=\"wpb_wrapper\">\n\t<div  class=\"wpb_single_image wpb_content_element vc_align_center wpb_content_element\">\n\t\t\n\t\t<figure class=\"wpb_wrapper vc_figure\">\n\t\t\t<div class=\"vc_single_image-wrapper   vc_box_border_grey\"><img loading=\"lazy\" decoding=\"async\" width=\"282\" height=\"134\" src=\"https:\/\/giangusto.it\/wp-content\/uploads\/2020\/01\/logo-light2.png\" class=\"vc_single_image-img attachment-full\" alt=\"Giangusto Piadineria Brescia\" title=\"Giangusto Piadineria Brescia\" \/><\/div>\n\t\t<\/figure>\n\t<\/div>\n<div class=\"vc_empty_space\"   style=\"height: 40px\"><span class=\"vc_empty_space_inner\"><\/span><\/div><div class=\"eltdf-section-title-holder\" >\n\t<div class=\"eltdf-st-inner\">\n\t\t\t\t\t<h2 class=\"eltdf-st-title\" >\n\t\t\t\tThe History, the Enterprise: GianGusto\t\t\t<\/h2>\n\t\t\t\t\t<\/div>\n<\/div><\/div><\/div><\/div><div class=\"wpb_column vc_column_container vc_col-sm-12\"><div class=\"vc_column-inner\"><div class=\"wpb_wrapper\"><div class=\"eltdf-separator-holder clearfix  eltdf-separator-center\" style=\"margin-top: 30px;margin-bottom: 30px\">\n\t\t<div class=\"eltdf-separator\" ><\/div>\n\t\t\t<span class=\"eltdf-separator-icon\" >\n\t\t\t<img loading=\"lazy\" decoding=\"async\" width=\"189\" height=\"24\" src=\"https:\/\/giangusto.it\/wp-content\/uploads\/2020\/01\/SEPARATORE-MARRONE.png\" class=\"attachment-full size-full\" alt=\"\" \/>\t\t<\/span>\n\t\t\t\t\t<div class=\"eltdf-separator\" ><\/div>\n\t\t\t<\/div>\n\n\t<div class=\"wpb_text_column wpb_content_element\" >\n\t\t<div class=\"wpb_wrapper\">\n\t\t\t<p style=\"text-align: left;\" class=\"translation-block\"><strong>GianGusto, from the L\u2019Altra Piadineria S.R.L Group, <\/strong> was born from the deep, thirty-year friendship between its founders Paolo Malfassi and Leonardo Bagnoli, as well as from the different experience and professional skills they each bring.<\/p>\n<p style=\"text-align: left;\">Nel 1997, Paolo intraprende la gestione di un \u201cclassico\u201d BAR. Ben presto il contatto stretto e quotidiano con la clientela gli permette di capire come l\u2019esigenza ed il gusto del consumatore non siano pi\u00f9 orientati verso il classico esercizio commerciale ma verso la maggiore ricerca di qualit\u00e0 , artigianalit\u00e0 e tradizione, senza trascurare l\u2019innovazione.<\/p>\n<p style=\"text-align: left;\" class=\"translation-block\">Thus, in May 2003, the first <strong>artisanal workshop for the production and sale of Piadine and Rotoli (rolls)<\/strong> was established.<\/p>\n<p style=\"text-align: left;\" class=\"translation-block\">The following summer, Paolo brought Leonardo into the project, asking whether his family business, Pasticceria Leonardo S.r.l., could produce a<strong> piadina base<\/strong> to be sold exclusively for L\u2019Altra Piadineria.<\/p>\n<p style=\"text-align: left;\">Subito Leonardo attiva il reparto ricerca e sviluppo dell\u2019azienda di Vinci (FI) al fine di studiarne la fattibilit\u00e0 e si dedica all\u2019analisi delle potenzialit\u00e0 commerciali del prodotto. I mesi di sperimentazione che seguono, si concretizzano e portano alla realizzazione di un prodotto stabile e controllato, di qualit\u00e0 eccellente, tale da convincere Paolo e Leonardo anche dal punto di vista commerciale.<\/p>\n<p style=\"text-align: left;\" class=\"translation-block\">This led to the idea of launching a network of <strong>Franchises of Piadinerie,<\/strong> with the goal of offering franchisees not only a high-quality product but also the expertise and professionalism that the two partners had gained through experience.<\/p>\n\n\t\t<\/div>\n\t<\/div>\n<div class=\"vc_empty_space\"   style=\"height: 40px\"><span class=\"vc_empty_space_inner\"><\/span><\/div>\n\t<div class=\"wpb_text_column wpb_content_element\" >\n\t\t<div class=\"wpb_wrapper\">\n\t\t\t<h3 style=\"text-align: left;\" class=\"translation-block\">The history of the <strong>GianGusto \u2013 L\u2019altra Piadineria<\/strong> brand<\/h3>\n<p style=\"text-align: left;\"><img loading=\"lazy\" decoding=\"async\" class=\"size-full wp-image-5086 alignright\" src=\"https:\/\/giangusto.it\/wp-content\/uploads\/2021\/02\/customLogo.gif\" alt=\"\" width=\"269\" height=\"86\" \/><\/p>\n<p style=\"text-align: left;\">Nel Maggio del 2003 nasce il primo punto vendita a Concesio (BS), gestito direttamente da Paolo Malfassi; \u00e8 il luogo dove l\u2019attuale rete GianGusto prende vita e forma. Il marchio originale utilizzato \u00e8 quello \u201cL\u2019Altra Piadineria\u201d, marchio che ancora oggi \u00e8 utilizzato per il settore B2B della catena.<\/p>\n<p style=\"text-align: left;\" class=\"translation-block\">By the end of 2003, <b>in-house production of the piadina base<\/b> had already begun, laying the foundation for the future franchise. In the following years, the first stores under the \u201cL\u2019Altra Piadineria\u201d brand opened.<\/p>\n<p style=\"text-align: left;\" class=\"translation-block\">From Florence to Rome, from Brescia to Emilia, the years between 2005 and 2010 saw the launch of numerous stores of <strong>L\u2019Altra Piadineria Franchise.<\/strong><\/p>\n<p style=\"text-align: left;\">In quest\u2019epoca il format \u00e8 caratterizzato da un aspetto rustico e dal colore arancione che riprende il logo L\u2019Altra Piadineria, logo a cui \u00e8 affiancato l\u2019immagine di un giovane che addenta una piada, onnipresente in tutta la comunicazione.<\/p>\n<p style=\"text-align: left;\"><img loading=\"lazy\" decoding=\"async\" class=\"size-medium wp-image-5087 alignright\" src=\"https:\/\/giangusto.it\/wp-content\/uploads\/2021\/02\/negozilaltra-300x300.jpg\" alt=\"\" width=\"300\" height=\"300\" srcset=\"https:\/\/giangusto.it\/wp-content\/uploads\/2021\/02\/negozilaltra-300x300.jpg 300w, https:\/\/giangusto.it\/wp-content\/uploads\/2021\/02\/negozilaltra-150x150.jpg 150w, https:\/\/giangusto.it\/wp-content\/uploads\/2021\/02\/negozilaltra.jpg 500w\" sizes=\"auto, (max-width: 300px) 100vw, 300px\" \/><\/p>\n<p style=\"text-align: left;\" class=\"translation-block\">In <b>2011,<\/b> the path shifted. The decision was made to retain the historic \u201cL\u2019Altra Piadineria\u201d brand for B2B use, while introducing the new <strong>\u201cGianGusto\u201d<\/strong> brand for retail. To maintain continuity with the past, the new brand kept the image of the boy eating a piadina, along with the original brand\u2019s color scheme.<\/p>\n<p style=\"text-align: left;\"><img loading=\"lazy\" decoding=\"async\" class=\"size-medium wp-image-5088 aligncenter\" src=\"https:\/\/giangusto.it\/wp-content\/uploads\/2021\/02\/cropped-giangustoslider-300x86.jpg\" alt=\"\" width=\"300\" height=\"86\" srcset=\"https:\/\/giangusto.it\/wp-content\/uploads\/2021\/02\/cropped-giangustoslider-300x86.jpg 300w, https:\/\/giangusto.it\/wp-content\/uploads\/2021\/02\/cropped-giangustoslider-768x220.jpg 768w, https:\/\/giangusto.it\/wp-content\/uploads\/2021\/02\/cropped-giangustoslider.jpg 896w\" sizes=\"auto, (max-width: 300px) 100vw, 300px\" \/><\/p>\n<p>&nbsp;<\/p>\n<p style=\"text-align: left;\">Una scelta quella di differenziare il mercato retail da quello aziendale nata anche dalla crescita che l\u2019azienda aveva avuto negli anni, e nella ricerca di un marchio che raccontasse l\u2019italianit\u00e0 e la storicit\u00e0 del prodotto.<\/p>\n<p style=\"text-align: left;\" class=\"translation-block\">It was in the autumn of <strong>2016<\/strong> that the most recent transformation took place: the <strong>GianGusto brand was refreshed <\/strong>with a new design that better conveys tradition and Italian heritage.<\/p>\n<p style=\"text-align: left;\"><img loading=\"lazy\" decoding=\"async\" class=\"size-full wp-image-5089 aligncenter\" src=\"https:\/\/giangusto.it\/wp-content\/uploads\/2021\/02\/logo-light2.png\" alt=\"\" width=\"282\" height=\"134\" \/><\/p>\n<p style=\"text-align: left;\" class=\"translation-block\">The new logo reflects a <strong>Piadineria Franchise<\/strong> that has matured\u2014one that now appeals to a more discerning audience, appreciative of regional specialties and the flavors that only a true Italian brand can offer. Alongside the new brand identity came a complete restyling of the stores: interiors in soft cream tones, furnishings made from recycled wood to support the format\u2019s sustainability values, and marble countertops to visually express\u2014along with the piadina itself\u2014the beauty of Made in Italy.<\/p>\n\n\t\t<\/div>\n\t<\/div>\n<div class=\"vc_empty_space\"   style=\"height: 40px\"><span class=\"vc_empty_space_inner\"><\/span><\/div>\n\t<div class=\"wpb_video_widget wpb_content_element vc_clearfix   vc_video-aspect-ratio-169 vc_video-el-width-100 vc_video-align-left\" >\n\t\t<div class=\"wpb_wrapper\">\n\t\t\t\n\t\t\t<div class=\"wpb_video_wrapper\"><iframe loading=\"lazy\" title=\"GIANGUSTO  SPEED PAINTING\" width=\"500\" height=\"281\" src=\"https:\/\/www.youtube.com\/embed\/Mkc1rtBQ2l0?feature=oembed\" frameborder=\"0\" allow=\"accelerometer; autoplay; clipboard-write; encrypted-media; gyroscope; picture-in-picture; web-share\" referrerpolicy=\"strict-origin-when-cross-origin\" allowfullscreen><\/iframe><\/div>\n\t\t<\/div>\n\t<\/div>\n<div class=\"vc_empty_space\"   style=\"height: 20px\"><span class=\"vc_empty_space_inner\"><\/span><\/div>\n\t<div class=\"wpb_text_column wpb_content_element\" >\n\t\t<div class=\"wpb_wrapper\">\n\t\t\t<h5 style=\"text-align: center;\"><strong>GIANGUSTO<\/strong><\/h5>\n\n\t\t<\/div>\n\t<\/div>\n<\/div><\/div><\/div><\/div><\/div><\/div>\n<\/div>","protected":false},"excerpt":{"rendered":"La Storia, l'Impresa: GianGusto GianGusto, Gruppo L\u2019Altra Piadineria srl, nasce dalla profonda e trentennale amicizia tra i suoi fondatori Paolo Malfassi e Leonardo Bagnoli nonch\u00e9 dalle diverse esperienze e professionalit\u00e0 di cui gli stessi sono portatori. Nel 1997, Paolo intraprende la gestione di un \u201cclassico\u201d BAR. Ben presto il contatto stretto e quotidiano con la clientela gli permette di capire come l\u2019esigenza ed il gusto del consumatore non siano pi\u00f9 orientati verso [...]","protected":false},"author":4,"featured_media":6222,"parent":0,"menu_order":0,"comment_status":"closed","ping_status":"closed","template":"full-width.php","meta":{"footnotes":""},"class_list":["post-920","page","type-page","status-publish","has-post-thumbnail","hentry"],"yoast_head":"<!-- This site is optimized with the Yoast SEO Premium plugin v25.1 (Yoast SEO v27.4) - https:\/\/yoast.com\/product\/yoast-seo-premium-wordpress\/ -->\n<title>La storia, l\u2019Impresa, GianGusto<\/title>\n<meta name=\"description\" content=\"Giangusto e L\u2019Altra Piadineria, insieme pi\u00f9 di 25 anni di esperienza nel settore della piadina artigianale. Scopri il nostro mondo.\" \/>\n<meta name=\"robots\" content=\"index, follow, max-snippet:-1, max-image-preview:large, max-video-preview:-1\" \/>\n<link rel=\"canonical\" href=\"https:\/\/giangusto.it\/en\/about-us\/\" \/>\n<meta property=\"og:locale\" content=\"en_GB\" \/>\n<meta property=\"og:type\" content=\"article\" \/>\n<meta property=\"og:title\" content=\"Storia\" \/>\n<meta property=\"og:url\" content=\"https:\/\/giangusto.it\/en\/about-us\/\" \/>\n<meta property=\"og:site_name\" content=\"Giangusto\" \/>\n<meta property=\"article:publisher\" content=\"https:\/\/www.facebook.com\/GianGustoOfficialPage\/\" \/>\n<meta property=\"article:modified_time\" content=\"2026-03-24T11:04:48+00:00\" \/>\n<meta property=\"og:image\" content=\"https:\/\/giangusto.it\/wp-content\/uploads\/2022\/12\/Senza-titolo-1-scaled.jpg\" \/>\n\t<meta property=\"og:image:width\" content=\"2560\" \/>\n\t<meta property=\"og:image:height\" content=\"1707\" \/>\n\t<meta property=\"og:image:type\" content=\"image\/jpeg\" \/>\n<meta name=\"twitter:card\" content=\"summary_large_image\" \/>\n<meta name=\"twitter:label1\" content=\"Estimated reading time\" \/>\n\t<meta name=\"twitter:data1\" content=\"5 minutes\" \/>\n<script type=\"application\/ld+json\" class=\"yoast-schema-graph\">{\"@context\":\"https:\\\/\\\/schema.org\",\"@graph\":[{\"@type\":\"WebPage\",\"@id\":\"https:\\\/\\\/giangusto.it\\\/about-us\\\/\",\"url\":\"https:\\\/\\\/giangusto.it\\\/about-us\\\/\",\"name\":\"La storia, l\u2019Impresa, GianGusto\",\"isPartOf\":{\"@id\":\"https:\\\/\\\/giangusto.it\\\/#website\"},\"primaryImageOfPage\":{\"@id\":\"https:\\\/\\\/giangusto.it\\\/about-us\\\/#primaryimage\"},\"image\":{\"@id\":\"https:\\\/\\\/giangusto.it\\\/about-us\\\/#primaryimage\"},\"thumbnailUrl\":\"https:\\\/\\\/giangusto.it\\\/wp-content\\\/uploads\\\/2022\\\/12\\\/Senza-titolo-1-scaled.jpg\",\"datePublished\":\"2018-04-11T10:40:08+00:00\",\"dateModified\":\"2026-03-24T11:04:48+00:00\",\"description\":\"Giangusto e L\u2019Altra Piadineria, insieme pi\u00f9 di 25 anni di esperienza nel settore della piadina artigianale. Scopri il nostro mondo.\",\"breadcrumb\":{\"@id\":\"https:\\\/\\\/giangusto.it\\\/about-us\\\/#breadcrumb\"},\"inLanguage\":\"en-GB\",\"potentialAction\":[{\"@type\":\"ReadAction\",\"target\":[\"https:\\\/\\\/giangusto.it\\\/about-us\\\/\"]}]},{\"@type\":\"ImageObject\",\"inLanguage\":\"en-GB\",\"@id\":\"https:\\\/\\\/giangusto.it\\\/about-us\\\/#primaryimage\",\"url\":\"https:\\\/\\\/giangusto.it\\\/wp-content\\\/uploads\\\/2022\\\/12\\\/Senza-titolo-1-scaled.jpg\",\"contentUrl\":\"https:\\\/\\\/giangusto.it\\\/wp-content\\\/uploads\\\/2022\\\/12\\\/Senza-titolo-1-scaled.jpg\",\"width\":2560,\"height\":1707,\"caption\":\"piadina su tagliere con pomodorini e insalata\"},{\"@type\":\"BreadcrumbList\",\"@id\":\"https:\\\/\\\/giangusto.it\\\/about-us\\\/#breadcrumb\",\"itemListElement\":[{\"@type\":\"ListItem\",\"position\":1,\"name\":\"Home\",\"item\":\"https:\\\/\\\/giangusto.it\\\/\"},{\"@type\":\"ListItem\",\"position\":2,\"name\":\"Storia\"}]},{\"@type\":\"WebSite\",\"@id\":\"https:\\\/\\\/giangusto.it\\\/#website\",\"url\":\"https:\\\/\\\/giangusto.it\\\/\",\"name\":\"Giangusto\",\"description\":\"Giangusto\",\"publisher\":{\"@id\":\"https:\\\/\\\/giangusto.it\\\/#organization\"},\"potentialAction\":[{\"@type\":\"SearchAction\",\"target\":{\"@type\":\"EntryPoint\",\"urlTemplate\":\"https:\\\/\\\/giangusto.it\\\/?s={search_term_string}\"},\"query-input\":{\"@type\":\"PropertyValueSpecification\",\"valueRequired\":true,\"valueName\":\"search_term_string\"}}],\"inLanguage\":\"en-GB\"},{\"@type\":\"Organization\",\"@id\":\"https:\\\/\\\/giangusto.it\\\/#organization\",\"name\":\"Giangusto\",\"url\":\"https:\\\/\\\/giangusto.it\\\/\",\"logo\":{\"@type\":\"ImageObject\",\"inLanguage\":\"en-GB\",\"@id\":\"https:\\\/\\\/giangusto.it\\\/#\\\/schema\\\/logo\\\/image\\\/\",\"url\":\"https:\\\/\\\/giangusto.it\\\/wp-content\\\/uploads\\\/2020\\\/05\\\/favicon-piccolo-dark.png\",\"contentUrl\":\"https:\\\/\\\/giangusto.it\\\/wp-content\\\/uploads\\\/2020\\\/05\\\/favicon-piccolo-dark.png\",\"width\":160,\"height\":160,\"caption\":\"Giangusto\"},\"image\":{\"@id\":\"https:\\\/\\\/giangusto.it\\\/#\\\/schema\\\/logo\\\/image\\\/\"},\"sameAs\":[\"https:\\\/\\\/www.facebook.com\\\/GianGustoOfficialPage\\\/\",\"https:\\\/\\\/www.instagram.com\\\/giangusto_official\\\/\"]}]}<\/script>\n<!-- \/ Yoast SEO Premium plugin. -->","yoast_head_json":{"title":"La storia, l\u2019Impresa, GianGusto","description":"Giangusto e L\u2019Altra Piadineria, insieme pi\u00f9 di 25 anni di esperienza nel settore della piadina artigianale. Scopri il nostro mondo.","robots":{"index":"index","follow":"follow","max-snippet":"max-snippet:-1","max-image-preview":"max-image-preview:large","max-video-preview":"max-video-preview:-1"},"canonical":"https:\/\/giangusto.it\/en\/about-us\/","og_locale":"en_GB","og_type":"article","og_title":"Storia","og_url":"https:\/\/giangusto.it\/en\/about-us\/","og_site_name":"Giangusto","article_publisher":"https:\/\/www.facebook.com\/GianGustoOfficialPage\/","article_modified_time":"2026-03-24T11:04:48+00:00","og_image":[{"width":2560,"height":1707,"url":"https:\/\/giangusto.it\/wp-content\/uploads\/2022\/12\/Senza-titolo-1-scaled.jpg","type":"image\/jpeg"}],"twitter_card":"summary_large_image","twitter_misc":{"Estimated reading time":"5 minutes"},"schema":{"@context":"https:\/\/schema.org","@graph":[{"@type":"WebPage","@id":"https:\/\/giangusto.it\/about-us\/","url":"https:\/\/giangusto.it\/about-us\/","name":"La storia, l\u2019Impresa, GianGusto","isPartOf":{"@id":"https:\/\/giangusto.it\/#website"},"primaryImageOfPage":{"@id":"https:\/\/giangusto.it\/about-us\/#primaryimage"},"image":{"@id":"https:\/\/giangusto.it\/about-us\/#primaryimage"},"thumbnailUrl":"https:\/\/giangusto.it\/wp-content\/uploads\/2022\/12\/Senza-titolo-1-scaled.jpg","datePublished":"2018-04-11T10:40:08+00:00","dateModified":"2026-03-24T11:04:48+00:00","description":"Giangusto e L\u2019Altra Piadineria, insieme pi\u00f9 di 25 anni di esperienza nel settore della piadina artigianale. Scopri il nostro mondo.","breadcrumb":{"@id":"https:\/\/giangusto.it\/about-us\/#breadcrumb"},"inLanguage":"en-GB","potentialAction":[{"@type":"ReadAction","target":["https:\/\/giangusto.it\/about-us\/"]}]},{"@type":"ImageObject","inLanguage":"en-GB","@id":"https:\/\/giangusto.it\/about-us\/#primaryimage","url":"https:\/\/giangusto.it\/wp-content\/uploads\/2022\/12\/Senza-titolo-1-scaled.jpg","contentUrl":"https:\/\/giangusto.it\/wp-content\/uploads\/2022\/12\/Senza-titolo-1-scaled.jpg","width":2560,"height":1707,"caption":"piadina su tagliere con pomodorini e insalata"},{"@type":"BreadcrumbList","@id":"https:\/\/giangusto.it\/about-us\/#breadcrumb","itemListElement":[{"@type":"ListItem","position":1,"name":"Home","item":"https:\/\/giangusto.it\/"},{"@type":"ListItem","position":2,"name":"Storia"}]},{"@type":"WebSite","@id":"https:\/\/giangusto.it\/#website","url":"https:\/\/giangusto.it\/","name":"Giangusto","description":"Giangusto","publisher":{"@id":"https:\/\/giangusto.it\/#organization"},"potentialAction":[{"@type":"SearchAction","target":{"@type":"EntryPoint","urlTemplate":"https:\/\/giangusto.it\/?s={search_term_string}"},"query-input":{"@type":"PropertyValueSpecification","valueRequired":true,"valueName":"search_term_string"}}],"inLanguage":"en-GB"},{"@type":"Organization","@id":"https:\/\/giangusto.it\/#organization","name":"Giangusto","url":"https:\/\/giangusto.it\/","logo":{"@type":"ImageObject","inLanguage":"en-GB","@id":"https:\/\/giangusto.it\/#\/schema\/logo\/image\/","url":"https:\/\/giangusto.it\/wp-content\/uploads\/2020\/05\/favicon-piccolo-dark.png","contentUrl":"https:\/\/giangusto.it\/wp-content\/uploads\/2020\/05\/favicon-piccolo-dark.png","width":160,"height":160,"caption":"Giangusto"},"image":{"@id":"https:\/\/giangusto.it\/#\/schema\/logo\/image\/"},"sameAs":["https:\/\/www.facebook.com\/GianGustoOfficialPage\/","https:\/\/www.instagram.com\/giangusto_official\/"]}]}},"_links":{"self":[{"href":"https:\/\/giangusto.it\/en\/wp-json\/wp\/v2\/pages\/920","targetHints":{"allow":["GET"]}}],"collection":[{"href":"https:\/\/giangusto.it\/en\/wp-json\/wp\/v2\/pages"}],"about":[{"href":"https:\/\/giangusto.it\/en\/wp-json\/wp\/v2\/types\/page"}],"author":[{"embeddable":true,"href":"https:\/\/giangusto.it\/en\/wp-json\/wp\/v2\/users\/4"}],"replies":[{"embeddable":true,"href":"https:\/\/giangusto.it\/en\/wp-json\/wp\/v2\/comments?post=920"}],"version-history":[{"count":43,"href":"https:\/\/giangusto.it\/en\/wp-json\/wp\/v2\/pages\/920\/revisions"}],"predecessor-version":[{"id":7412,"href":"https:\/\/giangusto.it\/en\/wp-json\/wp\/v2\/pages\/920\/revisions\/7412"}],"wp:featuredmedia":[{"embeddable":true,"href":"https:\/\/giangusto.it\/en\/wp-json\/wp\/v2\/media\/6222"}],"wp:attachment":[{"href":"https:\/\/giangusto.it\/en\/wp-json\/wp\/v2\/media?parent=920"}],"curies":[{"name":"wp","href":"https:\/\/api.w.org\/{rel}","templated":true}]}}